{"id":15153,"date":"2024-03-18T00:41:45","date_gmt":"2024-03-18T00:41:45","guid":{"rendered":"https:\/\/standard-furniture.ba\/proizvod\/trpezarijska-stolica-flynn-7\/"},"modified":"2024-05-30T21:53:34","modified_gmt":"2024-05-30T21:53:34","slug":"trpezarijska-stolica-flynn-7","status":"publish","type":"product","link":"https:\/\/standard-furniture.ba\/de\/proizvod\/trpezarijska-stolica-flynn-7\/","title":{"rendered":"Trpezarijska stolica Flynn 7"},"content":{"rendered":"<p>Stolicu Flynn odlikuje udobnost sjedi\u0161ta, vrhunski kvalitet materijala i moderan dizajn. Dolazi u dva modela koji se razlikuju po vrsti \u0161tepa u samom naslonu stolice. Dodatni jastuk na le\u0111ima stolice i ergonomski oblikovano sjedi\u0161te garantuju udobnost i \u010dine je izvrsnim dodatkom za razli\u010dite prostore poput dnevnih boravaka, trpezarija, radnih prostora ili ugostiteljskih objekata. Stolicu mo\u017eete upotpuniti trpezarijskim stolom iz na\u0161e kolekcije <a href=\"https:\/\/standard-furniture.ba\/proizvod\/trpezarijski-stol-fano-xl-2xl\/\">Fano<\/a> ili <a href=\"https:\/\/standard-furniture.ba\/proizvod\/trpezarijski-stol-benny\/\">Benny<\/a>.<\/p>\n","protected":false},"excerpt":{"rendered":"<p>Stolicu Flynn odlikuje udobnost sjedi\u0161ta, vrhunski kvalitet materijala i moderan dizajn. Dolazi u dva modela koji se razlikuju po vrsti <span class=\"uk-button uk-button-text uk-button-dots\">[ &#8230; ]<\/span><\/p>\n","protected":false},"featured_media":22197,"comment_status":"open","ping_status":"closed","template":"","meta":[],"product_cat":[297],"product_tag":[],"acf":[],"yoast_head":"<!-- This site is optimized with the Yoast SEO plugin v23.0 - https:\/\/yoast.com\/wordpress\/plugins\/seo\/ -->\n<title>Trpezarijska stolica Flynn 7 - Standard Furniture Factory<\/title>\n<meta name=\"description\" content=\"Dodatni jastuk na le\u0111ima stolice i ergonomski oblikovano sjedi\u0161te garantuju udobnost i \u010dine stolicu Flynn izvrsnim dodatkom za razli\u010dite trpezarije.\" \/>\n<meta name=\"robots\" content=\"index, follow, max-snippet:-1, max-image-preview:large, max-video-preview:-1\" \/>\n<link rel=\"canonical\" href=\"https:\/\/standard-furniture.ba\/proizvod\/trpezarijska-stolica-flynn-7\/\" \/>\n<meta property=\"og:locale\" content=\"de_DE\" \/>\n<meta property=\"og:type\" content=\"article\" \/>\n<meta property=\"og:title\" content=\"Trpezarijska stolica Flynn 7 - Standard Furniture Factory\" \/>\n<meta property=\"og:description\" content=\"Dodatni jastuk na le\u0111ima stolice i ergonomski oblikovano sjedi\u0161te garantuju udobnost i \u010dine stolicu Flynn izvrsnim dodatkom za razli\u010dite trpezarije.\" \/>\n<meta property=\"og:url\" content=\"https:\/\/standard-furniture.ba\/proizvod\/trpezarijska-stolica-flynn-7\/\" \/>\n<meta property=\"og:site_name\" content=\"Standard Furniture Factory\" \/>\n<meta property=\"article:publisher\" content=\"https:\/\/www.facebook.com\/StandardFurnitureFactory\/\" \/>\n<meta property=\"article:modified_time\" content=\"2024-05-30T21:53:34+00:00\" \/>\n<meta property=\"og:image\" content=\"https:\/\/standard-furniture.ba\/wp-content\/uploads\/2024\/03\/Trpezarijska-stolica-Flynn-7.jpg\" \/>\n\t<meta property=\"og:image:width\" content=\"1500\" \/>\n\t<meta property=\"og:image:height\" content=\"1000\" \/>\n\t<meta property=\"og:image:type\" content=\"image\/jpeg\" \/>\n<meta name=\"twitter:card\" content=\"summary_large_image\" \/>\n<meta name=\"twitter:label1\" content=\"Gesch\u00e4tzte Lesezeit\" \/>\n\t<meta name=\"twitter:data1\" content=\"1\u00a0Minute\" \/>\n<script type=\"application\/ld+json\" class=\"yoast-schema-graph\">{\"@context\":\"https:\/\/schema.org\",\"@graph\":[{\"@type\":\"WebPage\",\"@id\":\"https:\/\/standard-furniture.ba\/proizvod\/trpezarijska-stolica-flynn-7\/\",\"url\":\"https:\/\/standard-furniture.ba\/proizvod\/trpezarijska-stolica-flynn-7\/\",\"name\":\"Trpezarijska stolica Flynn 7 - Standard Furniture Factory\",\"isPartOf\":{\"@id\":\"https:\/\/standard-furniture.ba\/#website\"},\"primaryImageOfPage\":{\"@id\":\"https:\/\/standard-furniture.ba\/proizvod\/trpezarijska-stolica-flynn-7\/#primaryimage\"},\"image\":{\"@id\":\"https:\/\/standard-furniture.ba\/proizvod\/trpezarijska-stolica-flynn-7\/#primaryimage\"},\"thumbnailUrl\":\"https:\/\/standard-furniture.ba\/wp-content\/uploads\/2024\/03\/Trpezarijska-stolica-Flynn-7.jpg\",\"datePublished\":\"2024-03-18T00:41:45+00:00\",\"dateModified\":\"2024-05-30T21:53:34+00:00\",\"description\":\"Dodatni jastuk na le\u0111ima stolice i ergonomski oblikovano sjedi\u0161te garantuju udobnost i \u010dine stolicu Flynn izvrsnim dodatkom za razli\u010dite trpezarije.\",\"breadcrumb\":{\"@id\":\"https:\/\/standard-furniture.ba\/proizvod\/trpezarijska-stolica-flynn-7\/#breadcrumb\"},\"inLanguage\":\"de\",\"potentialAction\":[{\"@type\":\"ReadAction\",\"target\":[\"https:\/\/standard-furniture.ba\/proizvod\/trpezarijska-stolica-flynn-7\/\"]}]},{\"@type\":\"ImageObject\",\"inLanguage\":\"de\",\"@id\":\"https:\/\/standard-furniture.ba\/proizvod\/trpezarijska-stolica-flynn-7\/#primaryimage\",\"url\":\"https:\/\/standard-furniture.ba\/wp-content\/uploads\/2024\/03\/Trpezarijska-stolica-Flynn-7.jpg\",\"contentUrl\":\"https:\/\/standard-furniture.ba\/wp-content\/uploads\/2024\/03\/Trpezarijska-stolica-Flynn-7.jpg\",\"width\":1500,\"height\":1000},{\"@type\":\"BreadcrumbList\",\"@id\":\"https:\/\/standard-furniture.ba\/proizvod\/trpezarijska-stolica-flynn-7\/#breadcrumb\",\"itemListElement\":[{\"@type\":\"ListItem\",\"position\":1,\"name\":\"Home\",\"item\":\"https:\/\/standard-furniture.ba\/de\/\"},{\"@type\":\"ListItem\",\"position\":2,\"name\":\"Trgovina\",\"item\":\"https:\/\/standard-furniture.ba\/trgovina\/\"},{\"@type\":\"ListItem\",\"position\":3,\"name\":\"Trpezarijska stolica Flynn 7\"}]},{\"@type\":\"WebSite\",\"@id\":\"https:\/\/standard-furniture.ba\/#website\",\"url\":\"https:\/\/standard-furniture.ba\/\",\"name\":\"Standard Furniture Factory\",\"description\":\"Sarajevo, Bosna i Hercegovina\",\"publisher\":{\"@id\":\"https:\/\/standard-furniture.ba\/#organization\"},\"potentialAction\":[{\"@type\":\"SearchAction\",\"target\":{\"@type\":\"EntryPoint\",\"urlTemplate\":\"https:\/\/standard-furniture.ba\/?s={search_term_string}\"},\"query-input\":\"required name=search_term_string\"}],\"inLanguage\":\"de\"},{\"@type\":\"Organization\",\"@id\":\"https:\/\/standard-furniture.ba\/#organization\",\"name\":\"Standard Furniture Factory\",\"url\":\"https:\/\/standard-furniture.ba\/\",\"logo\":{\"@type\":\"ImageObject\",\"inLanguage\":\"de\",\"@id\":\"https:\/\/standard-furniture.ba\/#\/schema\/logo\/image\/\",\"url\":\"https:\/\/standard-furniture.ba\/wp-content\/uploads\/2024\/02\/standard-logo-web.png\",\"contentUrl\":\"https:\/\/standard-furniture.ba\/wp-content\/uploads\/2024\/02\/standard-logo-web.png\",\"width\":400,\"height\":70,\"caption\":\"Standard Furniture Factory\"},\"image\":{\"@id\":\"https:\/\/standard-furniture.ba\/#\/schema\/logo\/image\/\"},\"sameAs\":[\"https:\/\/www.facebook.com\/StandardFurnitureFactory\/\",\"https:\/\/www.youtube.com\/channel\/UC_MgnkgBmF0_oE4vYSBwWoA\"]}]}<\/script>\n<!-- \/ Yoast SEO plugin. -->","yoast_head_json":{"title":"Trpezarijska stolica Flynn 7 - Standard Furniture Factory","description":"Dodatni jastuk na le\u0111ima stolice i ergonomski oblikovano sjedi\u0161te garantuju udobnost i \u010dine stolicu Flynn izvrsnim dodatkom za razli\u010dite trpezarije.","robots":{"index":"index","follow":"follow","max-snippet":"max-snippet:-1","max-image-preview":"max-image-preview:large","max-video-preview":"max-video-preview:-1"},"canonical":"https:\/\/standard-furniture.ba\/proizvod\/trpezarijska-stolica-flynn-7\/","og_locale":"de_DE","og_type":"article","og_title":"Trpezarijska stolica Flynn 7 - Standard Furniture Factory","og_description":"Dodatni jastuk na le\u0111ima stolice i ergonomski oblikovano sjedi\u0161te garantuju udobnost i \u010dine stolicu Flynn izvrsnim dodatkom za razli\u010dite trpezarije.","og_url":"https:\/\/standard-furniture.ba\/proizvod\/trpezarijska-stolica-flynn-7\/","og_site_name":"Standard Furniture Factory","article_publisher":"https:\/\/www.facebook.com\/StandardFurnitureFactory\/","article_modified_time":"2024-05-30T21:53:34+00:00","og_image":[{"width":1500,"height":1000,"url":"https:\/\/standard-furniture.ba\/wp-content\/uploads\/2024\/03\/Trpezarijska-stolica-Flynn-7.jpg","type":"image\/jpeg"}],"twitter_card":"summary_large_image","twitter_misc":{"Gesch\u00e4tzte Lesezeit":"1\u00a0Minute"},"schema":{"@context":"https:\/\/schema.org","@graph":[{"@type":"WebPage","@id":"https:\/\/standard-furniture.ba\/proizvod\/trpezarijska-stolica-flynn-7\/","url":"https:\/\/standard-furniture.ba\/proizvod\/trpezarijska-stolica-flynn-7\/","name":"Trpezarijska stolica Flynn 7 - Standard Furniture Factory","isPartOf":{"@id":"https:\/\/standard-furniture.ba\/#website"},"primaryImageOfPage":{"@id":"https:\/\/standard-furniture.ba\/proizvod\/trpezarijska-stolica-flynn-7\/#primaryimage"},"image":{"@id":"https:\/\/standard-furniture.ba\/proizvod\/trpezarijska-stolica-flynn-7\/#primaryimage"},"thumbnailUrl":"https:\/\/standard-furniture.ba\/wp-content\/uploads\/2024\/03\/Trpezarijska-stolica-Flynn-7.jpg","datePublished":"2024-03-18T00:41:45+00:00","dateModified":"2024-05-30T21:53:34+00:00","description":"Dodatni jastuk na le\u0111ima stolice i ergonomski oblikovano sjedi\u0161te garantuju udobnost i \u010dine stolicu Flynn izvrsnim dodatkom za razli\u010dite trpezarije.","breadcrumb":{"@id":"https:\/\/standard-furniture.ba\/proizvod\/trpezarijska-stolica-flynn-7\/#breadcrumb"},"inLanguage":"de","potentialAction":[{"@type":"ReadAction","target":["https:\/\/standard-furniture.ba\/proizvod\/trpezarijska-stolica-flynn-7\/"]}]},{"@type":"ImageObject","inLanguage":"de","@id":"https:\/\/standard-furniture.ba\/proizvod\/trpezarijska-stolica-flynn-7\/#primaryimage","url":"https:\/\/standard-furniture.ba\/wp-content\/uploads\/2024\/03\/Trpezarijska-stolica-Flynn-7.jpg","contentUrl":"https:\/\/standard-furniture.ba\/wp-content\/uploads\/2024\/03\/Trpezarijska-stolica-Flynn-7.jpg","width":1500,"height":1000},{"@type":"BreadcrumbList","@id":"https:\/\/standard-furniture.ba\/proizvod\/trpezarijska-stolica-flynn-7\/#breadcrumb","itemListElement":[{"@type":"ListItem","position":1,"name":"Home","item":"https:\/\/standard-furniture.ba\/de\/"},{"@type":"ListItem","position":2,"name":"Trgovina","item":"https:\/\/standard-furniture.ba\/trgovina\/"},{"@type":"ListItem","position":3,"name":"Trpezarijska stolica Flynn 7"}]},{"@type":"WebSite","@id":"https:\/\/standard-furniture.ba\/#website","url":"https:\/\/standard-furniture.ba\/","name":"Standard Furniture Factory","description":"Sarajevo, Bosna i Hercegovina","publisher":{"@id":"https:\/\/standard-furniture.ba\/#organization"},"potentialAction":[{"@type":"SearchAction","target":{"@type":"EntryPoint","urlTemplate":"https:\/\/standard-furniture.ba\/?s={search_term_string}"},"query-input":"required name=search_term_string"}],"inLanguage":"de"},{"@type":"Organization","@id":"https:\/\/standard-furniture.ba\/#organization","name":"Standard Furniture Factory","url":"https:\/\/standard-furniture.ba\/","logo":{"@type":"ImageObject","inLanguage":"de","@id":"https:\/\/standard-furniture.ba\/#\/schema\/logo\/image\/","url":"https:\/\/standard-furniture.ba\/wp-content\/uploads\/2024\/02\/standard-logo-web.png","contentUrl":"https:\/\/standard-furniture.ba\/wp-content\/uploads\/2024\/02\/standard-logo-web.png","width":400,"height":70,"caption":"Standard Furniture Factory"},"image":{"@id":"https:\/\/standard-furniture.ba\/#\/schema\/logo\/image\/"},"sameAs":["https:\/\/www.facebook.com\/StandardFurnitureFactory\/","https:\/\/www.youtube.com\/channel\/UC_MgnkgBmF0_oE4vYSBwWoA"]}]}},"_links":{"self":[{"href":"https:\/\/standard-furniture.ba\/de\/wp-json\/wp\/v2\/product\/15153"}],"collection":[{"href":"https:\/\/standard-furniture.ba\/de\/wp-json\/wp\/v2\/product"}],"about":[{"href":"https:\/\/standard-furniture.ba\/de\/wp-json\/wp\/v2\/types\/product"}],"replies":[{"embeddable":true,"href":"https:\/\/standard-furniture.ba\/de\/wp-json\/wp\/v2\/comments?post=15153"}],"wp:featuredmedia":[{"embeddable":true,"href":"https:\/\/standard-furniture.ba\/de\/wp-json\/wp\/v2\/media\/22197"}],"wp:attachment":[{"href":"https:\/\/standard-furniture.ba\/de\/wp-json\/wp\/v2\/media?parent=15153"}],"wp:term":[{"taxonomy":"product_cat","embeddable":true,"href":"https:\/\/standard-furniture.ba\/de\/wp-json\/wp\/v2\/product_cat?post=15153"},{"taxonomy":"product_tag","embeddable":true,"href":"https:\/\/standard-furniture.ba\/de\/wp-json\/wp\/v2\/product_tag?post=15153"}],"curies":[{"name":"wp","href":"https:\/\/api.w.org\/{rel}","templated":true}]}}