{"id":15033,"date":"2024-03-18T00:41:41","date_gmt":"2024-03-18T00:41:41","guid":{"rendered":"https:\/\/standard-furniture.ba\/proizvod\/fotelja-esberg\/"},"modified":"2024-05-16T07:25:43","modified_gmt":"2024-05-16T07:25:43","slug":"fotelja-esberg","status":"publish","type":"product","link":"https:\/\/standard-furniture.ba\/de\/proizvod\/fotelja-esberg\/","title":{"rendered":"Fotelja Esberg"},"content":{"rendered":"<p>Fotelja Esberg dizajnirana je da pru\u017ei dodatnu potporu i udobnost pri sjedenju. I ovaj model stolice nudi mogu\u0107nost personaliziranog dizajna. Odabirom \u017eeljene boje, tkanine, sjedi\u0161ta te postolja dobijate vi\u0161enamjenski komad namje\u0161taja koji mo\u017eete uklopiti u bilo koji trpezarijski prostor. Fotelju mo\u017eete upotpuniti trpezarijskim stolom iz na\u0161e kolekcije <a href=\"https:\/\/standard-furniture.ba\/proizvod\/trpezarijski-stol-elipse-xl\/\">Elipse<\/a>,\u00a0<a href=\"https:\/\/standard-furniture.ba\/proizvod\/trpezarijski-stol-anor\/\">Anor<\/a>\u00a0ili\u00a0<a href=\"https:\/\/standard-furniture.ba\/proizvod\/trpezarijski-stol-kolding-xl\/\">Kolding<\/a>.<\/p>\n","protected":false},"excerpt":{"rendered":"<p>Fotelja Esberg dizajnirana je da pru\u017ei dodatnu potporu i udobnost pri sjedenju. I ovaj model stolice nudi mogu\u0107nost personaliziranog dizajna. <span class=\"uk-button uk-button-text uk-button-dots\">[ &#8230; ]<\/span><\/p>\n","protected":false},"featured_media":18587,"comment_status":"open","ping_status":"closed","template":"","meta":[],"product_cat":[295],"product_tag":[],"acf":[],"yoast_head":"<!-- This site is optimized with the Yoast SEO plugin v23.0 - https:\/\/yoast.com\/wordpress\/plugins\/seo\/ -->\n<title>Fotelja Esberg - Standard Furniture Factory<\/title>\n<meta name=\"description\" content=\"Fotelja Esberg dizajnirana je da pru\u017ei dodatnu potporu i udobnost pri sjedenju. Mo\u017eete je upotpuniti trpezarijskim stolom Elipse,\u00a0Anor\u00a0ili\u00a0Kolding.\" \/>\n<meta name=\"robots\" content=\"index, follow, max-snippet:-1, max-image-preview:large, max-video-preview:-1\" \/>\n<link rel=\"canonical\" href=\"https:\/\/standard-furniture.ba\/proizvod\/fotelja-esberg\/\" \/>\n<meta property=\"og:locale\" content=\"de_DE\" \/>\n<meta property=\"og:type\" content=\"article\" \/>\n<meta property=\"og:title\" content=\"Fotelja Esberg - Standard Furniture Factory\" \/>\n<meta property=\"og:description\" content=\"Fotelja Esberg dizajnirana je da pru\u017ei dodatnu potporu i udobnost pri sjedenju. Mo\u017eete je upotpuniti trpezarijskim stolom Elipse,\u00a0Anor\u00a0ili\u00a0Kolding.\" \/>\n<meta property=\"og:url\" content=\"https:\/\/standard-furniture.ba\/proizvod\/fotelja-esberg\/\" \/>\n<meta property=\"og:site_name\" content=\"Standard Furniture Factory\" \/>\n<meta property=\"article:publisher\" content=\"https:\/\/www.facebook.com\/StandardFurnitureFactory\/\" \/>\n<meta property=\"article:modified_time\" content=\"2024-05-16T07:25:43+00:00\" \/>\n<meta property=\"og:image\" content=\"https:\/\/standard-furniture.ba\/wp-content\/uploads\/2024\/03\/FEsberg_9-2000x1333.png\" \/>\n\t<meta property=\"og:image:width\" content=\"2000\" \/>\n\t<meta property=\"og:image:height\" content=\"1333\" \/>\n\t<meta property=\"og:image:type\" content=\"image\/png\" \/>\n<meta name=\"twitter:card\" content=\"summary_large_image\" \/>\n<meta name=\"twitter:label1\" content=\"Gesch\u00e4tzte Lesezeit\" \/>\n\t<meta name=\"twitter:data1\" content=\"1\u00a0Minute\" \/>\n<script type=\"application\/ld+json\" class=\"yoast-schema-graph\">{\"@context\":\"https:\/\/schema.org\",\"@graph\":[{\"@type\":\"WebPage\",\"@id\":\"https:\/\/standard-furniture.ba\/proizvod\/fotelja-esberg\/\",\"url\":\"https:\/\/standard-furniture.ba\/proizvod\/fotelja-esberg\/\",\"name\":\"Fotelja Esberg - Standard Furniture Factory\",\"isPartOf\":{\"@id\":\"https:\/\/standard-furniture.ba\/#website\"},\"primaryImageOfPage\":{\"@id\":\"https:\/\/standard-furniture.ba\/proizvod\/fotelja-esberg\/#primaryimage\"},\"image\":{\"@id\":\"https:\/\/standard-furniture.ba\/proizvod\/fotelja-esberg\/#primaryimage\"},\"thumbnailUrl\":\"https:\/\/standard-furniture.ba\/wp-content\/uploads\/2024\/03\/FEsberg_9.png\",\"datePublished\":\"2024-03-18T00:41:41+00:00\",\"dateModified\":\"2024-05-16T07:25:43+00:00\",\"description\":\"Fotelja Esberg dizajnirana je da pru\u017ei dodatnu potporu i udobnost pri sjedenju. Mo\u017eete je upotpuniti trpezarijskim stolom Elipse,\u00a0Anor\u00a0ili\u00a0Kolding.\",\"breadcrumb\":{\"@id\":\"https:\/\/standard-furniture.ba\/proizvod\/fotelja-esberg\/#breadcrumb\"},\"inLanguage\":\"de\",\"potentialAction\":[{\"@type\":\"ReadAction\",\"target\":[\"https:\/\/standard-furniture.ba\/proizvod\/fotelja-esberg\/\"]}]},{\"@type\":\"ImageObject\",\"inLanguage\":\"de\",\"@id\":\"https:\/\/standard-furniture.ba\/proizvod\/fotelja-esberg\/#primaryimage\",\"url\":\"https:\/\/standard-furniture.ba\/wp-content\/uploads\/2024\/03\/FEsberg_9.png\",\"contentUrl\":\"https:\/\/standard-furniture.ba\/wp-content\/uploads\/2024\/03\/FEsberg_9.png\",\"width\":3840,\"height\":2560},{\"@type\":\"BreadcrumbList\",\"@id\":\"https:\/\/standard-furniture.ba\/proizvod\/fotelja-esberg\/#breadcrumb\",\"itemListElement\":[{\"@type\":\"ListItem\",\"position\":1,\"name\":\"Home\",\"item\":\"https:\/\/standard-furniture.ba\/de\/\"},{\"@type\":\"ListItem\",\"position\":2,\"name\":\"Trgovina\",\"item\":\"https:\/\/standard-furniture.ba\/trgovina\/\"},{\"@type\":\"ListItem\",\"position\":3,\"name\":\"Fotelja Esberg\"}]},{\"@type\":\"WebSite\",\"@id\":\"https:\/\/standard-furniture.ba\/#website\",\"url\":\"https:\/\/standard-furniture.ba\/\",\"name\":\"Standard Furniture Factory\",\"description\":\"Sarajevo, Bosna i Hercegovina\",\"publisher\":{\"@id\":\"https:\/\/standard-furniture.ba\/#organization\"},\"potentialAction\":[{\"@type\":\"SearchAction\",\"target\":{\"@type\":\"EntryPoint\",\"urlTemplate\":\"https:\/\/standard-furniture.ba\/?s={search_term_string}\"},\"query-input\":\"required name=search_term_string\"}],\"inLanguage\":\"de\"},{\"@type\":\"Organization\",\"@id\":\"https:\/\/standard-furniture.ba\/#organization\",\"name\":\"Standard Furniture Factory\",\"url\":\"https:\/\/standard-furniture.ba\/\",\"logo\":{\"@type\":\"ImageObject\",\"inLanguage\":\"de\",\"@id\":\"https:\/\/standard-furniture.ba\/#\/schema\/logo\/image\/\",\"url\":\"https:\/\/standard-furniture.ba\/wp-content\/uploads\/2024\/02\/standard-logo-web.png\",\"contentUrl\":\"https:\/\/standard-furniture.ba\/wp-content\/uploads\/2024\/02\/standard-logo-web.png\",\"width\":400,\"height\":70,\"caption\":\"Standard Furniture Factory\"},\"image\":{\"@id\":\"https:\/\/standard-furniture.ba\/#\/schema\/logo\/image\/\"},\"sameAs\":[\"https:\/\/www.facebook.com\/StandardFurnitureFactory\/\",\"https:\/\/www.youtube.com\/channel\/UC_MgnkgBmF0_oE4vYSBwWoA\"]}]}<\/script>\n<!-- \/ Yoast SEO plugin. -->","yoast_head_json":{"title":"Fotelja Esberg - Standard Furniture Factory","description":"Fotelja Esberg dizajnirana je da pru\u017ei dodatnu potporu i udobnost pri sjedenju. Mo\u017eete je upotpuniti trpezarijskim stolom Elipse,\u00a0Anor\u00a0ili\u00a0Kolding.","robots":{"index":"index","follow":"follow","max-snippet":"max-snippet:-1","max-image-preview":"max-image-preview:large","max-video-preview":"max-video-preview:-1"},"canonical":"https:\/\/standard-furniture.ba\/proizvod\/fotelja-esberg\/","og_locale":"de_DE","og_type":"article","og_title":"Fotelja Esberg - Standard Furniture Factory","og_description":"Fotelja Esberg dizajnirana je da pru\u017ei dodatnu potporu i udobnost pri sjedenju. Mo\u017eete je upotpuniti trpezarijskim stolom Elipse,\u00a0Anor\u00a0ili\u00a0Kolding.","og_url":"https:\/\/standard-furniture.ba\/proizvod\/fotelja-esberg\/","og_site_name":"Standard Furniture Factory","article_publisher":"https:\/\/www.facebook.com\/StandardFurnitureFactory\/","article_modified_time":"2024-05-16T07:25:43+00:00","og_image":[{"width":2000,"height":1333,"url":"https:\/\/standard-furniture.ba\/wp-content\/uploads\/2024\/03\/FEsberg_9-2000x1333.png","type":"image\/png"}],"twitter_card":"summary_large_image","twitter_misc":{"Gesch\u00e4tzte Lesezeit":"1\u00a0Minute"},"schema":{"@context":"https:\/\/schema.org","@graph":[{"@type":"WebPage","@id":"https:\/\/standard-furniture.ba\/proizvod\/fotelja-esberg\/","url":"https:\/\/standard-furniture.ba\/proizvod\/fotelja-esberg\/","name":"Fotelja Esberg - Standard Furniture Factory","isPartOf":{"@id":"https:\/\/standard-furniture.ba\/#website"},"primaryImageOfPage":{"@id":"https:\/\/standard-furniture.ba\/proizvod\/fotelja-esberg\/#primaryimage"},"image":{"@id":"https:\/\/standard-furniture.ba\/proizvod\/fotelja-esberg\/#primaryimage"},"thumbnailUrl":"https:\/\/standard-furniture.ba\/wp-content\/uploads\/2024\/03\/FEsberg_9.png","datePublished":"2024-03-18T00:41:41+00:00","dateModified":"2024-05-16T07:25:43+00:00","description":"Fotelja Esberg dizajnirana je da pru\u017ei dodatnu potporu i udobnost pri sjedenju. Mo\u017eete je upotpuniti trpezarijskim stolom Elipse,\u00a0Anor\u00a0ili\u00a0Kolding.","breadcrumb":{"@id":"https:\/\/standard-furniture.ba\/proizvod\/fotelja-esberg\/#breadcrumb"},"inLanguage":"de","potentialAction":[{"@type":"ReadAction","target":["https:\/\/standard-furniture.ba\/proizvod\/fotelja-esberg\/"]}]},{"@type":"ImageObject","inLanguage":"de","@id":"https:\/\/standard-furniture.ba\/proizvod\/fotelja-esberg\/#primaryimage","url":"https:\/\/standard-furniture.ba\/wp-content\/uploads\/2024\/03\/FEsberg_9.png","contentUrl":"https:\/\/standard-furniture.ba\/wp-content\/uploads\/2024\/03\/FEsberg_9.png","width":3840,"height":2560},{"@type":"BreadcrumbList","@id":"https:\/\/standard-furniture.ba\/proizvod\/fotelja-esberg\/#breadcrumb","itemListElement":[{"@type":"ListItem","position":1,"name":"Home","item":"https:\/\/standard-furniture.ba\/de\/"},{"@type":"ListItem","position":2,"name":"Trgovina","item":"https:\/\/standard-furniture.ba\/trgovina\/"},{"@type":"ListItem","position":3,"name":"Fotelja Esberg"}]},{"@type":"WebSite","@id":"https:\/\/standard-furniture.ba\/#website","url":"https:\/\/standard-furniture.ba\/","name":"Standard Furniture Factory","description":"Sarajevo, Bosna i Hercegovina","publisher":{"@id":"https:\/\/standard-furniture.ba\/#organization"},"potentialAction":[{"@type":"SearchAction","target":{"@type":"EntryPoint","urlTemplate":"https:\/\/standard-furniture.ba\/?s={search_term_string}"},"query-input":"required name=search_term_string"}],"inLanguage":"de"},{"@type":"Organization","@id":"https:\/\/standard-furniture.ba\/#organization","name":"Standard Furniture Factory","url":"https:\/\/standard-furniture.ba\/","logo":{"@type":"ImageObject","inLanguage":"de","@id":"https:\/\/standard-furniture.ba\/#\/schema\/logo\/image\/","url":"https:\/\/standard-furniture.ba\/wp-content\/uploads\/2024\/02\/standard-logo-web.png","contentUrl":"https:\/\/standard-furniture.ba\/wp-content\/uploads\/2024\/02\/standard-logo-web.png","width":400,"height":70,"caption":"Standard Furniture Factory"},"image":{"@id":"https:\/\/standard-furniture.ba\/#\/schema\/logo\/image\/"},"sameAs":["https:\/\/www.facebook.com\/StandardFurnitureFactory\/","https:\/\/www.youtube.com\/channel\/UC_MgnkgBmF0_oE4vYSBwWoA"]}]}},"_links":{"self":[{"href":"https:\/\/standard-furniture.ba\/de\/wp-json\/wp\/v2\/product\/15033"}],"collection":[{"href":"https:\/\/standard-furniture.ba\/de\/wp-json\/wp\/v2\/product"}],"about":[{"href":"https:\/\/standard-furniture.ba\/de\/wp-json\/wp\/v2\/types\/product"}],"replies":[{"embeddable":true,"href":"https:\/\/standard-furniture.ba\/de\/wp-json\/wp\/v2\/comments?post=15033"}],"wp:featuredmedia":[{"embeddable":true,"href":"https:\/\/standard-furniture.ba\/de\/wp-json\/wp\/v2\/media\/18587"}],"wp:attachment":[{"href":"https:\/\/standard-furniture.ba\/de\/wp-json\/wp\/v2\/media?parent=15033"}],"wp:term":[{"taxonomy":"product_cat","embeddable":true,"href":"https:\/\/standard-furniture.ba\/de\/wp-json\/wp\/v2\/product_cat?post=15033"},{"taxonomy":"product_tag","embeddable":true,"href":"https:\/\/standard-furniture.ba\/de\/wp-json\/wp\/v2\/product_tag?post=15033"}],"curies":[{"name":"wp","href":"https:\/\/api.w.org\/{rel}","templated":true}]}}